{"id":3,"date":"2026-01-27T22:44:21","date_gmt":"2026-01-27T22:44:21","guid":{"rendered":"http:\/\/start-in-assas.fr\/?page_id=3"},"modified":"2026-03-10T14:06:41","modified_gmt":"2026-03-10T14:06:41","slug":"privacy-policy","status":"publish","type":"page","link":"https:\/\/start-in-assas.fr\/index.php\/privacy-policy\/","title":{"rendered":"Politique de confidentialit\u00e9"},"content":{"rendered":"\t\t<div data-elementor-type=\"wp-page\" data-elementor-id=\"3\" class=\"elementor elementor-3\">\n\t\t\t\t<div class=\"elementor-element elementor-element-2855e596 e-flex e-con-boxed e-con e-parent\" data-id=\"2855e596\" data-element_type=\"container\" data-e-type=\"container\">\n\t\t\t\t\t<div class=\"e-con-inner\">\n\t\t\t\t<div class=\"elementor-element elementor-element-1b5f4a0 elementor-widget elementor-widget-text-editor\" data-id=\"1b5f4a0\" data-element_type=\"widget\" data-e-type=\"widget\" data-widget_type=\"text-editor.default\">\n\t\t\t\t\t\t\t\t\t<div id=\"main\" data-framer-hydrate-v2=\"{&quot;routeId&quot;:&quot;Vs4qq8VZH&quot;,&quot;localeId&quot;:&quot;default&quot;,&quot;breakpoints&quot;:[{&quot;hash&quot;:&quot;10yiawe&quot;,&quot;mediaQuery&quot;:&quot;(min-width: 1440px)&quot;},{&quot;hash&quot;:&quot;z9hran&quot;,&quot;mediaQuery&quot;:&quot;(min-width: 1200px) and (max-width: 1439px)&quot;},{&quot;hash&quot;:&quot;1tilskd&quot;,&quot;mediaQuery&quot;:&quot;(min-width: 810px) and (max-width: 1199px)&quot;},{&quot;hash&quot;:&quot;3pc0rm&quot;,&quot;mediaQuery&quot;:&quot;(max-width: 809px)&quot;}]}\" data-framer-ssr-released-at=\"2025-11-07T13:29:00.899Z\" data-framer-page-optimized-at=\"2025-11-08T14:33:08.648Z\" data-framer-generated-page=\"\">\n<div class=\"framer-MOoCc framer-sVaRX framer-rPN7J framer-10yiawe\" data-framer-root=\"\" data-framer-cursor=\"1istgmw\">\n<div class=\"framer-1g4n4yn-container\" data-framer-name=\"BG Noise\">\n<div>\n<div class=\"framer-1ycblh9-container hidden-3pc0rm\" data-framer-name=\"Scribble 1\">\n<div class=\"framer-2mkMd framer-1x3veai framer-v-1fcrlwk\" data-framer-name=\"Animate\">\n<div class=\"framer-i1myvi-container\">\n<div>\n<div class=\"ssr-variant hidden-3pc0rm\">\n<div class=\"framer-forxt3\" data-framer-appear-id=\"forxt3\" data-framer-name=\"Text\" data-framer-component-type=\"RichTextContainer\">\n<h2 class=\"framer-text framer-styles-preset-lqdcb0\" data-styles-preset=\"Qu_lO3gfq\">Politique de Confidentialit\u00e9<\/h2>\n<\/div>\n<\/div>\n<\/div>\n<\/div>\n<\/div>\n<\/div>\n<\/div>\n<\/div>\n<section class=\"framer-857lww\" data-framer-name=\"Hero\">\n<div class=\"framer-xulqro\" data-framer-name=\"Body\">\n<div class=\"ssr-variant hidden-3pc0rm\">\n<div class=\"framer-1uifwj0\" data-framer-appear-id=\"1uifwj0\" data-framer-name=\"Text\" data-framer-component-type=\"RichTextContainer\">\n<p class=\"framer-text framer-styles-preset-4kro9o\" data-styles-preset=\"QJRhCMFzl\">Start in Assas accorde une grande importance \u00e0 la protection de vos donn\u00e9es personnelles. Cette politique de confidentialit\u00e9 explique comment nous collectons, utilisons, stockons et prot\u00e9geons vos informations, conform\u00e9ment au R\u00e8glement G\u00e9n\u00e9ral sur la Protection des Donn\u00e9es (RGPD).<\/p>\n<p class=\"framer-text framer-styles-preset-4kro9o\" data-styles-preset=\"QJRhCMFzl\"><strong class=\"framer-text\">1. Donn\u00e9es Collect\u00e9es<\/strong><\/p>\n<p class=\"framer-text framer-styles-preset-4kro9o\" data-styles-preset=\"QJRhCMFzl\">Nous ne collectons aucune donn\u00e9e personnelle, sauf si vous nous contactez via le formulaire disponible sur notre site. Les informations collect\u00e9es \u00e0 cette occasion peuvent inclure :<\/p>\n<p class=\"framer-text framer-styles-preset-4kro9o\" data-styles-preset=\"QJRhCMFzl\">&#8211; Votre nom.<\/p>\n<p class=\"framer-text framer-styles-preset-4kro9o\" data-styles-preset=\"QJRhCMFzl\">&#8211; Votre adresse \u00e9lectronique.<\/p>\n<p class=\"framer-text framer-styles-preset-4kro9o\" data-styles-preset=\"QJRhCMFzl\">&#8211; Toute autre information que vous choisissez de partager dans votre message.<\/p>\n<p class=\"framer-text framer-styles-preset-4kro9o\" data-styles-preset=\"QJRhCMFzl\"><strong class=\"framer-text\">2. Finalit\u00e9s du Traitement<\/strong><\/p>\n<p class=\"framer-text framer-styles-preset-4kro9o\" data-styles-preset=\"QJRhCMFzl\">Vos donn\u00e9es sont uniquement collect\u00e9es et trait\u00e9es pour :<\/p>\n<p class=\"framer-text framer-styles-preset-4kro9o\" data-styles-preset=\"QJRhCMFzl\">&#8211; R\u00e9pondre \u00e0 vos demandes et questions.<\/p>\n<p class=\"framer-text framer-styles-preset-4kro9o\" data-styles-preset=\"QJRhCMFzl\">&#8211; G\u00e9rer nos \u00e9changes dans le cadre de votre contact.<\/p>\n<p class=\"framer-text framer-styles-preset-4kro9o\" data-styles-preset=\"QJRhCMFzl\"><strong class=\"framer-text\">3. Base L\u00e9gale<\/strong><\/p>\n<p class=\"framer-text framer-styles-preset-4kro9o\" data-styles-preset=\"QJRhCMFzl\">Le traitement de vos donn\u00e9es repose sur les bases l\u00e9gales suivantes :<\/p>\n<p class=\"framer-text framer-styles-preset-4kro9o\" data-styles-preset=\"QJRhCMFzl\">&#8211; Consentement : en soumettant une demande via notre formulaire, vous consentez \u00e0 ce que nous utilisions vos informations pour y r\u00e9pondre.<\/p>\n<p class=\"framer-text framer-styles-preset-4kro9o\" data-styles-preset=\"QJRhCMFzl\"><strong class=\"framer-text\">4. Droits des Utilisateurs<\/strong><\/p>\n<p class=\"framer-text framer-styles-preset-4kro9o\" data-styles-preset=\"QJRhCMFzl\">Conform\u00e9ment au RGPD, vous disposez des droits suivants :<\/p>\n<ul class=\"framer-text framer-styles-preset-4kro9o\" data-styles-preset=\"QJRhCMFzl\">\n<li class=\"framer-text\">\n<p class=\"framer-text\">Droit d\u2019acc\u00e8s : obtenir une copie des donn\u00e9es que nous d\u00e9tenons sur vous.<\/p>\n<\/li>\n<\/ul>\n<ul class=\"framer-text framer-styles-preset-4kro9o\" data-styles-preset=\"QJRhCMFzl\">\n<li class=\"framer-text\">\n<p class=\"framer-text\">Droit de rectification : corriger vos donn\u00e9es personnelles inexactes ou incompl\u00e8tes.<\/p>\n<\/li>\n<\/ul>\n<ul class=\"framer-text framer-styles-preset-4kro9o\" data-styles-preset=\"QJRhCMFzl\">\n<li class=\"framer-text\">\n<p class=\"framer-text\">Droit \u00e0 l\u2019effacement : demander la suppression de vos donn\u00e9es.<\/p>\n<\/li>\n<li class=\"framer-text\">\n<p class=\"framer-text\">Droit \u00e0 la portabilit\u00e9 : recevoir vos donn\u00e9es dans un format structur\u00e9 et lisible.<\/p>\n<\/li>\n<li class=\"framer-text\">\n<p class=\"framer-text\">Droit d\u2019opposition : refuser l\u2019utilisation de vos donn\u00e9es.<\/p>\n<\/li>\n<\/ul>\n<p class=\"framer-text framer-styles-preset-4kro9o\" data-styles-preset=\"QJRhCMFzl\">Pour exercer vos droits, contactez-nous \u00e0 l\u2019adresse suivante : startinassas@collaborateurs.com<\/p>\n<p class=\"framer-text framer-styles-preset-4kro9o\" data-styles-preset=\"QJRhCMFzl\"><strong class=\"framer-text\">5. Destinataires des Donn\u00e9es<\/strong><\/p>\n<p class=\"framer-text framer-styles-preset-4kro9o\" data-styles-preset=\"QJRhCMFzl\">Vos donn\u00e9es personnelles ne sont partag\u00e9es avec aucun tiers. Elles sont exclusivement utilis\u00e9es par notre \u00e9quipe pour traiter vos demandes.<\/p>\n<p class=\"framer-text framer-styles-preset-4kro9o\" data-styles-preset=\"QJRhCMFzl\"><strong class=\"framer-text\">6. Dur\u00e9e de Conservation<\/strong><\/p>\n<p class=\"framer-text framer-styles-preset-4kro9o\" data-styles-preset=\"QJRhCMFzl\">Vos donn\u00e9es sont conserv\u00e9es uniquement pendant la dur\u00e9e n\u00e9cessaire pour r\u00e9pondre \u00e0 vos demandes. Elles sont supprim\u00e9es une fois leur traitement termin\u00e9.<\/p>\n<p class=\"framer-text framer-styles-preset-4kro9o\" data-styles-preset=\"QJRhCMFzl\"><strong class=\"framer-text\">7. S\u00e9curit\u00e9 des Donn\u00e9es<\/strong><\/p>\n<p class=\"framer-text framer-styles-preset-4kro9o\" data-styles-preset=\"QJRhCMFzl\">Nous mettons en place des mesures de s\u00e9curit\u00e9 techniques et organisationnelles pour prot\u00e9ger vos donn\u00e9es contre tout acc\u00e8s non autoris\u00e9, perte ou alt\u00e9ration.<\/p>\n<p class=\"framer-text framer-styles-preset-4kro9o\" data-styles-preset=\"QJRhCMFzl\"><strong class=\"framer-text\">8. Modification de la Politique<\/strong><\/p>\n<p class=\"framer-text framer-styles-preset-4kro9o\" data-styles-preset=\"QJRhCMFzl\">Cette politique peut \u00eatre mise \u00e0 jour pour refl\u00e9ter des \u00e9volutions l\u00e9gales ou techniques. Nous vous informerons en cas de modification substantielle.<\/p>\n<p class=\"framer-text framer-styles-preset-4kro9o\" data-styles-preset=\"QJRhCMFzl\"><strong class=\"framer-text\">9. Contact<\/strong><\/p>\n<p class=\"framer-text framer-styles-preset-4kro9o\" data-styles-preset=\"QJRhCMFzl\">Pour toute question concernant cette politique de confidentialit\u00e9, contactez-nous :<\/p>\n<ul class=\"framer-text framer-styles-preset-4kro9o\" data-styles-preset=\"QJRhCMFzl\">\n<li class=\"framer-text\">\n<p class=\"framer-text\">Email : startinassas@collaborateurs.com<\/p>\n<\/li>\n<\/ul>\n<\/div>\n<\/div>\n<\/div>\n<div class=\"ssr-variant hidden-1tilskd hidden-3pc0rm\">\n<div class=\"framer-77io1w-container\" data-framer-appear-id=\"77io1w\">\n<div class=\"framer-knb90s\" data-framer-name=\"Content\">\n<div class=\"framer-n8ggaa\" data-framer-name=\"Label\">\u00a0<\/div>\n<\/div>\n<\/div>\n<\/div>\n<\/section>\n<footer class=\"framer-zkm76l\" data-framer-name=\"Footer\">\n<div class=\"ssr-variant hidden-1tilskd hidden-3pc0rm\">\n<div class=\"framer-1il601x-container\" data-framer-appear-id=\"1il601x\">\n<div class=\"ssr-variant hidden-10yiawe\"><footer class=\"framer-rd5rv framer-3JRlM framer-FeYTb framer-9sj3bx framer-v-h038mr\" data-framer-name=\"Mini\">\n<div class=\"framer-188916f\" data-framer-name=\"Bottom\">\n<div class=\"framer-1wwi60x\" data-framer-name=\"Top\">\n<div class=\"framer-itcl0v\" data-framer-name=\"Left\">\n<div class=\"framer-1vp1xd9\" data-framer-name=\"Bottom\">\n<div class=\"framer-vwib4q\" data-framer-name=\"Text\" data-framer-component-type=\"RichTextContainer\">\n<p class=\"framer-text\">Nous sommes une association cr\u00e9\u00e9e en 2014 sous la loi 1901, d\u00e9di\u00e9e \u00e0 promouvoir l\u2019innovation, l\u2019entrepreneuriat et la cr\u00e9ativit\u00e9 au sein de l\u2019Universit\u00e9 Paris 2 Panth\u00e9on-Assas<\/p>\n<\/div>\n<\/div>\n<\/div>\n<\/div>\n<\/div>\n<\/footer><\/div>\n<\/div>\n<\/div>\n<\/footer><\/div>\n<\/div>\t\t\t\t\t\t\t\t<\/div>\n\t\t\t\t\t<\/div>\n\t\t\t\t<\/div>\n\t\t\t\t<\/div>\n\t\t","protected":false},"excerpt":{"rendered":"<p>Politique de Confidentialit\u00e9 Start in Assas accorde une grande importance \u00e0 la protection de vos donn\u00e9es personnelles. Cette politique de confidentialit\u00e9 explique comment nous collectons, utilisons, stockons et prot\u00e9geons vos informations, conform\u00e9ment au R\u00e8glement G\u00e9n\u00e9ral sur la Protection des Donn\u00e9es (RGPD). 1. Donn\u00e9es Collect\u00e9es Nous ne collectons aucune donn\u00e9e personnelle, sauf si vous nous contactez [&hellip;]<\/p>\n","protected":false},"author":1,"featured_media":0,"parent":0,"menu_order":0,"comment_status":"closed","ping_status":"open","template":"","meta":{"footnotes":""},"class_list":["post-3","page","type-page","status-publish","hentry"],"_links":{"self":[{"href":"https:\/\/start-in-assas.fr\/index.php\/wp-json\/wp\/v2\/pages\/3","targetHints":{"allow":["GET"]}}],"collection":[{"href":"https:\/\/start-in-assas.fr\/index.php\/wp-json\/wp\/v2\/pages"}],"about":[{"href":"https:\/\/start-in-assas.fr\/index.php\/wp-json\/wp\/v2\/types\/page"}],"author":[{"embeddable":true,"href":"https:\/\/start-in-assas.fr\/index.php\/wp-json\/wp\/v2\/users\/1"}],"replies":[{"embeddable":true,"href":"https:\/\/start-in-assas.fr\/index.php\/wp-json\/wp\/v2\/comments?post=3"}],"version-history":[{"count":6,"href":"https:\/\/start-in-assas.fr\/index.php\/wp-json\/wp\/v2\/pages\/3\/revisions"}],"predecessor-version":[{"id":183,"href":"https:\/\/start-in-assas.fr\/index.php\/wp-json\/wp\/v2\/pages\/3\/revisions\/183"}],"wp:attachment":[{"href":"https:\/\/start-in-assas.fr\/index.php\/wp-json\/wp\/v2\/media?parent=3"}],"curies":[{"name":"wp","href":"https:\/\/api.w.org\/{rel}","templated":true}]}}