{"id":99,"date":"2026-02-14T16:53:25","date_gmt":"2026-02-14T16:53:25","guid":{"rendered":"https:\/\/start-in-assas.fr\/?page_id=99"},"modified":"2026-03-28T13:41:03","modified_gmt":"2026-03-28T13:41:03","slug":"contact","status":"publish","type":"page","link":"https:\/\/start-in-assas.fr\/index.php\/contact\/","title":{"rendered":"Contact"},"content":{"rendered":"\t\t<div data-elementor-type=\"wp-page\" data-elementor-id=\"99\" class=\"elementor elementor-99\">\n\t\t\t\t<div class=\"elementor-element elementor-element-1fefa5c9 e-flex e-con-boxed e-con e-parent\" data-id=\"1fefa5c9\" data-element_type=\"container\" data-e-type=\"container\" data-settings=\"{&quot;background_background&quot;:&quot;classic&quot;}\">\n\t\t\t\t\t<div class=\"e-con-inner\">\n\t\t\t\t<div class=\"elementor-element elementor-element-5cf05b98 elementor-widget__width-initial text-center elementor-widget elementor-widget-tp-heading-title\" data-id=\"5cf05b98\" data-element_type=\"widget\" data-e-type=\"widget\" data-widget_type=\"tp-heading-title.default\">\n\t\t\t\t\t<div class=\"heading heading_style heading_style69d1231cb521d style-1 \"  data-tp-gsap-heading-text=\"\" data-tp-gsap-sub-heading-text=\"\"><div class=\"sub-style\" ><div class=\"head-title \" > <h1  class=\"heading-title   \"  data-hover=\"Contact\">Contact<span class=\"title-s \">  <\/span><\/h1><\/div><div class=\"sub-heading\"><h2 class=\"heading-sub-title  \"> Vous avez des questions sur notre programme jeune pousse ou l&#039;\u00e9quipe Start In, on vous r\u00e9pond au plus vite. <\/h2><\/div><\/div><\/div>\t\t\t\t<\/div>\n\t\t\t\t\t<\/div>\n\t\t\t\t<\/div>\n\t\t<div class=\"elementor-element elementor-element-46c8ce58 e-flex e-con-boxed e-con e-parent\" data-id=\"46c8ce58\" data-element_type=\"container\" data-e-type=\"container\">\n\t\t\t\t\t<div class=\"e-con-inner\">\n\t\t<div class=\"elementor-element elementor-element-1ed56ff0 e-con-full animated-fast e-flex elementor-invisible e-con e-child\" data-id=\"1ed56ff0\" data-element_type=\"container\" data-e-type=\"container\" data-settings=\"{&quot;background_background&quot;:&quot;classic&quot;,&quot;animation&quot;:&quot;fadeIn&quot;}\">\n\t\t\t\t<div class=\"elementor-element elementor-element-1749777f elementor-widget__width-initial elementor-absolute elementor-widget elementor-widget-spacer\" data-id=\"1749777f\" data-element_type=\"widget\" data-e-type=\"widget\" data-settings=\"{&quot;_position&quot;:&quot;absolute&quot;}\" data-widget_type=\"spacer.default\">\n\t\t\t\t\t\t\t<div class=\"elementor-spacer\">\n\t\t\t<div class=\"elementor-spacer-inner\"><\/div>\n\t\t<\/div>\n\t\t\t\t\t\t<\/div>\n\t\t\t\t<div class=\"elementor-element elementor-element-7cba453e elementor-widget elementor-widget-tp-plus-form\" data-id=\"7cba453e\" data-element_type=\"widget\" data-e-type=\"widget\" data-widget_type=\"tp-plus-form.default\">\n\t\t\t\t\t<div class=\"tpae-form-container\" data-formdata=\"{&quot;form_id&quot;:&quot;tpae-form-main&quot;,&quot;Required_mask&quot;:&quot;hide-asterisks&quot;,&quot;invalid_form&quot;:&quot;Invalid form! Please check it again.&quot;,&quot;required_fields&quot;:&quot;This field is required.&quot;,&quot;form_error&quot;:&quot;There was an error in submitting the form.&quot;,&quot;success_message&quot;:&quot;Form Submitted Successfully&quot;,&quot;server_error&quot;:&quot;A server error occurred.&quot;}\" data-emaildata=\"&quot;Snp1a3MvSEVxY2lEVlRmMXVVcFczZ3pPYzJlMnZ1dHJuam9wbnBGa3M4RkNlcVNTY2c1aXpUMFlWOUFuTjZBQktBaUllY0txMlhIRFU0TkRFNllVSHd5NDU5cS9wNGlzUGgwS0RnRktJZkZvMk5iczREYjNGc0xjamFKOUo2RFdBelBxTVl5am81RXRNVlhCeGg3VUpEMEhqTUkvVW50ZVd5TGF0Y0t5eGxodlZRcDBTYTB5bEdETUdCa2JzR3VXdGhQd0VzL2FtWHZsdmtQNnRGTno1VkVqbnlwRnQ0MXFpbVBwNUJ0bk9SUVBZNS9MdEFYT2JQK2NXak5zVWZWSVVMTkFhOHo5cVJZdmc4QlJaa1JFYU1DSVRMbVJHbWhIVU03T1hiZ00yUTd1NXhkQzF1d1FiOHNrcWFQUWpEbE5nWWcrMk14TWVSK1BadGg2NHhpTWxVSFNLc2I0MkN3OE5SRWYyV3FRUDI5NUMzb1p3VEdFUFhOUkQ0Tmw1UytrbHhMUWttS2NEcXJXUmU2Sjk2L2p0bEx5ZEtSb3dXOUQxOWMvR0xCRjBjSGJibk1JN1cwZEEyYndiYlZCWUxsS1cvQ2Vvd2Y2T2F4eUJwTTdKV1hyeEJXc21nZUdKVXptYTJaZllGVmdiTFU9&quot;\" ><style> .elementor-element-7cba453e .tpae-form-submit-container{ width:100%!important } <\/style><div class=\"tpae-form-name\"><\/div><form id=\"tpae-form-main\" class=\"tpae-form\" method=\"post\"><div class=\"tpae-form-field\" data-width=\"46\" data-tablet-width=\"\" data-mobile-width=\"100\"> <input type=\"text\" name=\"first_name\" id=\"first_name\" placeholder=\"Pr\u00e9nom\"  class=\"medium\" value=\"\" aria-description=\"\"\/><span class=\"tpae-help-text\"><\/span><\/div><div class=\"tpae-form-field\" data-width=\"46\" data-tablet-width=\"\" data-mobile-width=\"100\"> <input type=\"text\" name=\"last_name\" id=\"last_name\" placeholder=\"Nom\"  class=\"medium\" value=\"\" aria-description=\"\"\/><span class=\"tpae-help-text\"><\/span><\/div><div class=\"tpae-form-field\" data-width=\"46\" data-tablet-width=\"\" data-mobile-width=\"100\"> <input type=\"number\" name=\"mobile_number\" id=\"mobile_number\" placeholder=\"Telephone\"  class=\"medium\" value=\"\" aria-description=\"\"\/><span class=\"tpae-help-text\"><\/span><\/div><div class=\"tpae-form-field\" data-width=\"46\" data-tablet-width=\"\" data-mobile-width=\"\"> <input type=\"email\" name=\"email\" id=\"email\" placeholder=\"Email\" required class=\"medium\" value=\"\" aria-description=\"\"\/><span class=\"tpae-help-text\"><\/span><\/div><div class=\"tpae-form-field\" data-width=\"\" data-tablet-width=\"\" data-mobile-width=\"\"> <textarea name=\"message\" rows=\"5\" id=\"message\" placeholder=\"Votre message\"  class=\"medium\"aria-description=\"\"><\/textarea><\/div><div class=\"tpae-form-submit-container\"><button id=\"tpae-form-button\" type=\"submit\" class=\"tpae-form-submit tpae-form-button tpae-icon-after\"><span class=\"tpae-button-text\">envoi  <\/span><span class=\"tpae-button-loader\" style=\"display:none;\"><span class=\"tpae-spinner\"><\/span><\/span><\/button><\/div><\/form><\/div>\t\t\t\t<\/div>\n\t\t\t\t<\/div>\n\t\t\t\t\t<\/div>\n\t\t\t\t<\/div>\n\t\t<div class=\"elementor-element elementor-element-41b9c056 e-flex e-con-boxed e-con e-parent\" data-id=\"41b9c056\" data-element_type=\"container\" data-e-type=\"container\" data-settings=\"{&quot;background_background&quot;:&quot;classic&quot;}\">\n\t\t\t\t\t<div class=\"e-con-inner\">\n\t\t<div class=\"elementor-element elementor-element-67f23323 e-con-full e-flex e-con e-child\" data-id=\"67f23323\" data-element_type=\"container\" data-e-type=\"container\" data-settings=\"{&quot;background_background&quot;:&quot;classic&quot;}\">\n\t\t\t\t<div class=\"elementor-element elementor-element-627c7f9e elementor-widget elementor-widget-elementskit-faq\" data-id=\"627c7f9e\" data-element_type=\"widget\" data-e-type=\"widget\" data-widget_type=\"elementskit-faq.default\">\n\t\t\t\t\t<div class=\"ekit-wid-con\" >\n                <div class=\"elementskit-single-faq elementor-repeater-item-61dc712\">\n            <div class=\"elementskit-faq-header\">\n                <h2 class=\"elementskit-faq-title\">Est-ce que je dois \u00eatre membre pour assister aux \u00e9v\u00e8nements ?<\/h2>\n            <\/div>\n            <div class=\"elementskit-faq-body\">\n                Non ! Pas besoin d'\u00eatre membre - viens comme tu es.            <\/div>\n        <\/div>\n                <div class=\"elementskit-single-faq elementor-repeater-item-c9ca1b0\">\n            <div class=\"elementskit-faq-header\">\n                <h2 class=\"elementskit-faq-title\">Est-ce que je dois \u00eatre \u00e9tudiant \u00e0 Assas pour assister aux \u00e9v\u00e8nements ?<\/h2>\n            <\/div>\n            <div class=\"elementskit-faq-body\">\n                Non ! C'est pas un probl\u00e8me - tous les \u00e9tudiants sont les bienvenus.            <\/div>\n        <\/div>\n                \n    <\/div>\t\t\t\t<\/div>\n\t\t\t\t<div class=\"elementor-element elementor-element-4ce4e43 elementor-widget elementor-widget-elementskit-faq\" data-id=\"4ce4e43\" data-element_type=\"widget\" data-e-type=\"widget\" data-widget_type=\"elementskit-faq.default\">\n\t\t\t\t\t<div class=\"ekit-wid-con\" >\n                <div class=\"elementskit-single-faq elementor-repeater-item-61dc712\">\n            <div class=\"elementskit-faq-header\">\n                <h2 class=\"elementskit-faq-title\">Est-ce que je dois \u00eatre membre pour assister aux \u00e9v\u00e8nements ?<\/h2>\n            <\/div>\n            <div class=\"elementskit-faq-body\">\n                Non ! Pas besoin d'\u00eatre membre - viens comme tu es.            <\/div>\n        <\/div>\n                \n    <\/div>\t\t\t\t<\/div>\n\t\t\t\t<\/div>\n\t\t<div class=\"elementor-element elementor-element-0dec99a e-con-full e-flex e-con e-child\" data-id=\"0dec99a\" data-element_type=\"container\" data-e-type=\"container\" data-settings=\"{&quot;background_background&quot;:&quot;classic&quot;}\">\n\t\t\t\t<div class=\"elementor-element elementor-element-f2c8364 elementor-widget elementor-widget-elementskit-faq\" data-id=\"f2c8364\" data-element_type=\"widget\" data-e-type=\"widget\" data-widget_type=\"elementskit-faq.default\">\n\t\t\t\t\t<div class=\"ekit-wid-con\" >\n                <div class=\"elementskit-single-faq elementor-repeater-item-61dc712\">\n            <div class=\"elementskit-faq-header\">\n                <h2 class=\"elementskit-faq-title\">Est-ce que je dois \u00eatre membre pour assister aux \u00e9v\u00e8nements ?<\/h2>\n            <\/div>\n            <div class=\"elementskit-faq-body\">\n                Non ! Pas besoin d'\u00eatre membre - viens comme tu es.            <\/div>\n        <\/div>\n                <div class=\"elementskit-single-faq elementor-repeater-item-c9ca1b0\">\n            <div class=\"elementskit-faq-header\">\n                <h2 class=\"elementskit-faq-title\">Est-ce que je dois \u00eatre \u00e9tudiant \u00e0 Assas pour assister aux \u00e9v\u00e8nements ?<\/h2>\n            <\/div>\n            <div class=\"elementskit-faq-body\">\n                Non ! C'est pas un probl\u00e8me - tous les \u00e9tudiants sont les bienvenus.            <\/div>\n        <\/div>\n                \n    <\/div>\t\t\t\t<\/div>\n\t\t\t\t<div class=\"elementor-element elementor-element-0a8ae41 elementor-widget elementor-widget-elementskit-faq\" data-id=\"0a8ae41\" data-element_type=\"widget\" data-e-type=\"widget\" data-widget_type=\"elementskit-faq.default\">\n\t\t\t\t\t<div class=\"ekit-wid-con\" >\n                <div class=\"elementskit-single-faq elementor-repeater-item-61dc712\">\n            <div class=\"elementskit-faq-header\">\n                <h2 class=\"elementskit-faq-title\">Est-ce que je dois \u00eatre membre pour assister aux \u00e9v\u00e8nements ?<\/h2>\n            <\/div>\n            <div class=\"elementskit-faq-body\">\n                Non ! Pas besoin d'\u00eatre membre - viens comme tu es.            <\/div>\n        <\/div>\n                \n    <\/div>\t\t\t\t<\/div>\n\t\t\t\t<div class=\"elementor-element elementor-element-a57d391 elementor-widget__width-initial elementor-absolute elementor-widget elementor-widget-spacer\" data-id=\"a57d391\" data-element_type=\"widget\" data-e-type=\"widget\" data-settings=\"{&quot;_position&quot;:&quot;absolute&quot;}\" data-widget_type=\"spacer.default\">\n\t\t\t\t\t\t\t<div class=\"elementor-spacer\">\n\t\t\t<div class=\"elementor-spacer-inner\"><\/div>\n\t\t<\/div>\n\t\t\t\t\t\t<\/div>\n\t\t\t\t<\/div>\n\t\t\t\t\t<\/div>\n\t\t\t\t<\/div>\n\t\t\t\t<\/div>\n\t\t","protected":false},"excerpt":{"rendered":"<p>Contact Vous avez des questions sur notre programme jeune pousse ou l&#039;\u00e9quipe Start In, on vous r\u00e9pond au plus vite. envoi Est-ce que je dois \u00eatre membre pour assister aux \u00e9v\u00e8nements ? Non ! Pas besoin d&rsquo;\u00eatre membre &#8211; viens comme tu es. Est-ce que je dois \u00eatre \u00e9tudiant \u00e0 Assas pour assister aux \u00e9v\u00e8nements [&hellip;]<\/p>\n","protected":false},"author":1,"featured_media":0,"parent":0,"menu_order":0,"comment_status":"closed","ping_status":"closed","template":"elementor_header_footer","meta":{"footnotes":""},"class_list":["post-99","page","type-page","status-publish","hentry"],"_links":{"self":[{"href":"https:\/\/start-in-assas.fr\/index.php\/wp-json\/wp\/v2\/pages\/99","targetHints":{"allow":["GET"]}}],"collection":[{"href":"https:\/\/start-in-assas.fr\/index.php\/wp-json\/wp\/v2\/pages"}],"about":[{"href":"https:\/\/start-in-assas.fr\/index.php\/wp-json\/wp\/v2\/types\/page"}],"author":[{"embeddable":true,"href":"https:\/\/start-in-assas.fr\/index.php\/wp-json\/wp\/v2\/users\/1"}],"replies":[{"embeddable":true,"href":"https:\/\/start-in-assas.fr\/index.php\/wp-json\/wp\/v2\/comments?post=99"}],"version-history":[{"count":55,"href":"https:\/\/start-in-assas.fr\/index.php\/wp-json\/wp\/v2\/pages\/99\/revisions"}],"predecessor-version":[{"id":464,"href":"https:\/\/start-in-assas.fr\/index.php\/wp-json\/wp\/v2\/pages\/99\/revisions\/464"}],"wp:attachment":[{"href":"https:\/\/start-in-assas.fr\/index.php\/wp-json\/wp\/v2\/media?parent=99"}],"curies":[{"name":"wp","href":"https:\/\/api.w.org\/{rel}","templated":true}]}}